{"id":3,"date":"2021-11-30T12:23:27","date_gmt":"2021-11-30T12:23:27","guid":{"rendered":"https:\/\/wintelligen.com\/?page_id=3"},"modified":"2024-07-09T00:51:27","modified_gmt":"2024-07-09T00:51:27","slug":"aviso-de-privacidad","status":"publish","type":"page","link":"https:\/\/wintelligen.com\/index.php\/aviso-de-privacidad\/","title":{"rendered":"Aviso de Privacidad"},"content":{"rendered":"\n<h3 class=\"wp-block-heading\">\u00bfQui\u00e9nes somos?<\/h3>\n\n\n\n<p><strong class=\"privacy-policy-tutorial\">Wintelligen: <\/strong>Nuestra direcci\u00f3n oficial de nuestro sitio web es: <a href=\"https:\/\/wintelligen.com\/\">https:\/\/wintelligen.com.<\/a><\/p>\n\n\n\n<h3 class=\"wp-block-heading\">Comentarios<\/h3>\n\n\n\n<p>En Wintelligen, en el momento que publiquemos alguna noticia y cuando los visitantes dejan comentarios en el sitio, recopilamos los datos mostrados en el formulario de comentarios, as\u00ed como la direcci\u00f3n IP del visitante y la cadena de agente de usuario del navegador para ayudar a detectar spam.<\/p>\n\n\n\n<p>Una cadena anonimizada creada a partir de tu direcci\u00f3n de correo electr\u00f3nico (tambi\u00e9n llamada hash) puede ser proporcionada al servicio Gravatar para ver si lo est\u00e1s usando.<\/p>\n\n\n\n<h3 class=\"wp-block-heading\">Cookies<\/h3>\n\n\n\n<p>En Wintelligen, si dejas un comentario en nuestro sitio o trav\u00e9s de nuestro Chat con AI (Inteligencia Artificial), puedes optar por guardar tu nombre, direcci\u00f3n de correo electr\u00f3nico y sitio web en cookies. Esto es para tu comodidad para que no tengas que volver a rellenar tus datos cuando dejes otro comentario. Estas cookies durar\u00e1n un a\u00f1o.<\/p>\n\n\n\n<p>(Por el momento no es el caso). Si visitas nuestra p\u00e1gina de inicio de sesi\u00f3n, configuraremos una cookie temporal para determinar si tu navegador acepta cookies. Esta cookie no contiene datos personales y se desechar\u00e1 cuando cierres tu navegador.<\/p>\n\n\n\n<p>Por el momento no aceptamos Inicio de Sesi\u00f3n, pero si lo habilitamos e inicias sesi\u00f3n, tambi\u00e9n configuramos varias cookies para guardar tu informaci\u00f3n de inicio de sesi\u00f3n y tus opciones de pantalla. Las cookies de inicio de sesi\u00f3n duran dos d\u00edas y las cookies de opciones de pantalla duran un a\u00f1o. Si seleccionas &#8220;Recu\u00e9rdame&#8221;, tu inicio de sesi\u00f3n persistir\u00e1 durante dos semanas. Si cierras sesi\u00f3n en tu cuenta, las cookies de inicio de sesi\u00f3n se eliminar\u00e1n.<\/p>\n\n\n\n<p>Si editas o publicas un art\u00edculo, una cookie adicional se guardar\u00e1 en tu navegador. Esta cookie no incluye datos personales y simplemente indica el ID de la publicaci\u00f3n del art\u00edculo que acabas de editar. Expira despu\u00e9s de un d\u00eda.<\/p>\n\n\n\n<h3 class=\"wp-block-heading\">\u00bfCon qui\u00e9n compartimos tus datos?<\/h3>\n\n\n\n<p>En Wintelligen no compartimos ning\u00fan tipo de informaci\u00f3n personal a terceros, solo usamos servicios de terceros como Administradores y Operadores de CRM (Gesti\u00f3n de Clientes), para fines de informar y atender a los visitantes de nuestra p\u00e1gina web, resolver sus dudas, o venta de alg\u00fan servicio de Seguridad Privada, o servicio relacionado a Wintelligen.<\/p>\n\n\n\n<h3 class=\"wp-block-heading\">\u00bfCu\u00e1nto tiempo usan los datos?<\/h3>\n\n\n\n<p>Los usamos solo en los momentos de atenci\u00f3n al cliente externo o interno, no generamos Spam y solo se usan en el momento y\/o posterior hasta el cierre de venta o aclaraci\u00f3n de una duda. El l\u00edmite de retenci\u00f3n de datos es de 1 a\u00f1o y limpiamos constantemente nuestra base de datos.<\/p>\n\n\n\n<h3 class=\"wp-block-heading\">\u00bfA d\u00f3nde enviamos tus datos?<\/h3>\n\n\n\n<p>En Wintelligen, los comentarios de los visitantes pueden ser revisados a trav\u00e9s de un servicio automatizado de detecci\u00f3n de spam, servicio externo de CRM o servicio externo de Anti.Spam y Anti-Virus.<\/p>\n","protected":false},"excerpt":{"rendered":"<p>\u00bfQui\u00e9nes somos? Wintelligen: Nuestra direcci\u00f3n oficial de nuestro sitio web es: https:\/\/wintelligen.com. Comentarios En Wintelligen, en el momento que publiquemos alguna noticia y cuando los visitantes<span class=\"excerpt-hellip\"> [\u2026]<\/span><\/p>\n","protected":false},"author":1,"featured_media":0,"parent":0,"menu_order":0,"comment_status":"open","ping_status":"closed","template":"","meta":{"rs_blank_template":"","rs_page_bg_color":"","slide_template_v7":"","footnotes":""},"class_list":["post-3","page","type-page","status-publish","hentry"],"_links":{"self":[{"href":"https:\/\/wintelligen.com\/index.php\/wp-json\/wp\/v2\/pages\/3","targetHints":{"allow":["GET"]}}],"collection":[{"href":"https:\/\/wintelligen.com\/index.php\/wp-json\/wp\/v2\/pages"}],"about":[{"href":"https:\/\/wintelligen.com\/index.php\/wp-json\/wp\/v2\/types\/page"}],"author":[{"embeddable":true,"href":"https:\/\/wintelligen.com\/index.php\/wp-json\/wp\/v2\/users\/1"}],"replies":[{"embeddable":true,"href":"https:\/\/wintelligen.com\/index.php\/wp-json\/wp\/v2\/comments?post=3"}],"version-history":[{"count":2,"href":"https:\/\/wintelligen.com\/index.php\/wp-json\/wp\/v2\/pages\/3\/revisions"}],"predecessor-version":[{"id":355,"href":"https:\/\/wintelligen.com\/index.php\/wp-json\/wp\/v2\/pages\/3\/revisions\/355"}],"wp:attachment":[{"href":"https:\/\/wintelligen.com\/index.php\/wp-json\/wp\/v2\/media?parent=3"}],"curies":[{"name":"wp","href":"https:\/\/api.w.org\/{rel}","templated":true}]}}